{"id":12971,"date":"2023-10-25T23:48:43","date_gmt":"2023-10-25T21:48:43","guid":{"rendered":"https:\/\/forestpooky.com\/music\/?page_id=12971"},"modified":"2023-10-25T23:54:12","modified_gmt":"2023-10-25T21:54:12","slug":"mentions-legales","status":"publish","type":"page","link":"https:\/\/forestpooky.com\/music\/mentions-legales\/","title":{"rendered":"Mentions l\u00e9gales"},"content":{"rendered":"\n<ol class=\"wp-block-list\">\n<li><strong>Nom du site web<\/strong> : Forest pooky.<br><\/li>\n\n\n\n<li><strong>Raison sociale (si applicable)<\/strong> : Artiste<br><\/li>\n\n\n\n<li><strong>Adresse physique<\/strong> : En tourn\u00e9e<br><\/li>\n\n\n\n<li><strong>Adresse e-mail<\/strong> : pasdemailpourforest-at-forestpooky.com<br><\/li>\n\n\n\n<li><strong>Nom du directeur de publication ou du responsable de la r\u00e9daction<\/strong> : Forest Pooky &amp; David Basso<br><\/li>\n\n\n\n<li><strong>H\u00e9bergeur du site<\/strong> : OVH SAS :&nbsp;<strong>2 rue Kellermann \u2013 BP 80157 59053 ROUBAIX CEDEX 1<\/strong><br><\/li>\n\n\n\n<li><strong>Propri\u00e9t\u00e9 intellectuelle<\/strong> : Forest Pooky est propri\u00e9taire des droits de propri\u00e9t\u00e9 intellectuelle et d\u00e9tient les droits d\u2019usage sur tous les \u00e9l\u00e9ments accessibles sur le site internet, notamment les textes, images, graphismes, logos, vid\u00e9os, architecture, ic\u00f4nes et sons. Toute reproduction, repr\u00e9sentation, modification, publication, adaptation de tout ou partie des \u00e9l\u00e9ments du site, quel que soit le moyen ou le proc\u00e9d\u00e9 utilis\u00e9, est interdite, sauf autorisation \u00e9crite pr\u00e9alable de&nbsp;<strong>Forest Pooky<\/strong>. Toute exploitation non autoris\u00e9e du site ou de l\u2019un quelconque des \u00e9l\u00e9ments qu\u2019il contient sera consid\u00e9r\u00e9e comme constitutive d\u2019une contrefa\u00e7on et poursuivie conform\u00e9ment aux dispositions des articles&nbsp;<a href=\"https:\/\/www.legifrance.gouv.fr\/affichCodeArticle.do?idArticle=LEGIARTI000032655082&amp;cidTexte=LEGITEXT000006069414&amp;dateTexte=20160605\" target=\"_blank\" rel=\"noreferrer noopener\">L.335-2 et suivants du Code de Propri\u00e9t\u00e9 Intellectuelle<\/a>.<br><\/li>\n\n\n\n<li><strong>D\u00e9claration de confidentialit\u00e9<\/strong> : <a href=\"https:\/\/forestpooky.com\/music\/politique-de-confidentialite\/\" title=\"Politique de confidentialit\u00e9\">lien vers notre politique de confidentialit\u00e9<\/a>.<br><\/li>\n\n\n\n<li><strong>Cookies<\/strong> : Les cookies sont utilis\u00e9s sur notre site et comment ils peuvent g\u00e9rer leurs pr\u00e9f\u00e9rences en mati\u00e8re de cookies. On les aime au chocolat ou au caramel.<br><\/li>\n\n\n\n<li>Limitations de responsabilit\u00e9. Forest Pooky&nbsp;ne pourra \u00eatre tenu pour responsable des dommages directs et indirects caus\u00e9s au mat\u00e9riel de l\u2019utilisateur, lors de l\u2019acc\u00e8s au site&nbsp;https:\/\/forestpooky.com<br><\/li>\n\n\n\n<li>Forest Pooky&nbsp;d\u00e9cline toute responsabilit\u00e9 quant \u00e0 l\u2019utilisation qui pourrait \u00eatre faite des informations et contenus pr\u00e9sents sur&nbsp;https:\/\/forestpooky.com<br><\/li>\n\n\n\n<li>Mr Pooky\u00a0s\u2019engage \u00e0 s\u00e9curiser au mieux le site\u00a0https:\/\/forestpooky.com\/ cependant sa responsabilit\u00e9 ne pourra \u00eatre mise en cause si des donn\u00e9es ind\u00e9sirables sont import\u00e9es et install\u00e9es sur son site \u00e0 son insu.<br><\/li>\n\n\n\n<li>Des espaces interactifs (espace contact ou commentaires) sont \u00e0 la disposition des utilisateurs.&nbsp;Mr Pooky&nbsp;se r\u00e9serve le droit de supprimer, sans mise en demeure pr\u00e9alable, tout contenu d\u00e9pos\u00e9 dans cet espace qui contreviendrait \u00e0 la l\u00e9gislation applicable en France, en particulier aux dispositions relatives \u00e0 la protection des donn\u00e9es.<br><\/li>\n\n\n\n<li>Le cas \u00e9ch\u00e9ant,&nbsp;<strong>Forest Pooky<\/strong>&nbsp;se r\u00e9serve \u00e9galement la possibilit\u00e9 de mettre en cause la responsabilit\u00e9 civile et\/ou p\u00e9nale de l\u2019utilisateur, notamment en cas de message \u00e0 caract\u00e8re raciste, injurieux, diffamant, ou pornographique, quel que soit le support utilis\u00e9 (texte, photographie \u2026).<br><\/li>\n\n\n\n<li>Droit applicable et attribution de juridiction : Tout litige en relation avec l\u2019utilisation du site\u00a0www.forestpooky.com\u00a0est soumis au droit fran\u00e7ais. En dehors des cas o\u00f9 la loi ne le permet pas, il est fait attribution exclusive de juridiction aux tribunaux comp\u00e9tents de\u00a0Lyon.<\/li>\n<\/ol>\n","protected":false},"excerpt":{"rendered":"","protected":false},"author":1,"featured_media":0,"parent":0,"menu_order":0,"comment_status":"closed","ping_status":"closed","template":"","meta":{"footnotes":""},"class_list":["post-12971","page","type-page","status-publish"],"aioseo_notices":[],"_links":{"self":[{"href":"https:\/\/forestpooky.com\/music\/wp-json\/wp\/v2\/pages\/12971","targetHints":{"allow":["GET"]}}],"collection":[{"href":"https:\/\/forestpooky.com\/music\/wp-json\/wp\/v2\/pages"}],"about":[{"href":"https:\/\/forestpooky.com\/music\/wp-json\/wp\/v2\/types\/page"}],"author":[{"embeddable":true,"href":"https:\/\/forestpooky.com\/music\/wp-json\/wp\/v2\/users\/1"}],"replies":[{"embeddable":true,"href":"https:\/\/forestpooky.com\/music\/wp-json\/wp\/v2\/comments?post=12971"}],"version-history":[{"count":3,"href":"https:\/\/forestpooky.com\/music\/wp-json\/wp\/v2\/pages\/12971\/revisions"}],"predecessor-version":[{"id":12982,"href":"https:\/\/forestpooky.com\/music\/wp-json\/wp\/v2\/pages\/12971\/revisions\/12982"}],"wp:attachment":[{"href":"https:\/\/forestpooky.com\/music\/wp-json\/wp\/v2\/media?parent=12971"}],"curies":[{"name":"wp","href":"https:\/\/api.w.org\/{rel}","templated":true}]}}